{"id":79,"date":"2022-01-27T10:15:01","date_gmt":"2022-01-27T10:15:01","guid":{"rendered":"https:\/\/waterbull.si\/?page_id=79"},"modified":"2024-08-06T11:00:37","modified_gmt":"2024-08-06T11:00:37","slug":"wb20","status":"publish","type":"page","link":"https:\/\/waterbull.si\/","title":{"rendered":""},"content":{"rendered":"\n<p class=\"has-vivid-red-background-color has-background has-medium-font-size\"><strong>WaterBull protipoplavna za\u0161\u010dita nove generacije<\/strong><\/p>\n\n\n\n<p>WaterBull protipoplavna za\u0161\u010dita je fleksibilna, saj jo lahko postavimo tudi okrog objektov ali ovir na terenu.<br>WaterBull protipoplavna za\u0161\u010dita je pri dveh skupaj spojenih pregradah varen na\u010din za\u0161\u010dite pred naraslo vodo. Odlikuje jih visok torni koeficient, saj je primer te\u017ee polne dvojne pregrade vi\u0161ine za\u0161\u010dite premera 0,5m in dol\u017eine 10m 4000 kg!<\/p>\n\n\n\n<p>WaterBull protipoplavna za\u0161\u010dita je nepogre\u0161ljiva oprema za intervencijske enote kot so gasilci, civilna za\u0161\u010dita,\u2026, saj jo lahko postavimo kjerkoli, brez upravnih dovoljenj med naravnimi nesre\u010dami.<\/p>\n\n\n\n<h1 id=\"amari-protipoplavna-zascita\"><strong>Amari protipoplavna za\u0161\u010dita<\/strong><\/h1>\n\n\n\n<p>&nbsp;Zanesljiva za\u0161\u010dita pred poplavo za vrata in okna iz aluminija.<\/p>\n\n\n\n<p>Amari 50 mm aluminijaste&nbsp; letve se uporabljajo za za\u0161\u010dito premo\u017eenja pred poplavo<\/p>\n\n\n\n<p>Zahvaljujo\u010d nizki te\u017ei letev&nbsp; 6,25 kg na teko\u010di meter jih&nbsp; lahko namesti samo ena oseba in to brez orodja. Dodatni napenjalni elementi&nbsp; lahko uporabite za dodatni&nbsp; pritisk na stransko tesnilo.<\/p>\n\n\n\n<p>Stranska vodila lahko za\u0161\u010ditite pred umazanijo s pokrovom, ki jih lahko dobite v katerikoli RAL barvi.<\/p>\n\n\n\n<figure class=\"wp-block-gallery has-nested-images columns-5 is-cropped\">\n<figure class=\"wp-block-image size-full\"><img loading=\"lazy\" width=\"2560\" height=\"1920\" data-id=\"206\"  src=\"https:\/\/waterbull.si\/wp-content\/uploads\/2022\/01\/IMG_1613-scaled.jpg\" alt=\"\" class=\"wp-image-206\" srcset=\"https:\/\/waterbull.si\/wp-content\/uploads\/2022\/01\/IMG_1613-scaled.jpg 2560w, https:\/\/waterbull.si\/wp-content\/uploads\/2022\/01\/IMG_1613-300x225.jpg 300w, https:\/\/waterbull.si\/wp-content\/uploads\/2022\/01\/IMG_1613-1024x768.jpg 1024w, https:\/\/waterbull.si\/wp-content\/uploads\/2022\/01\/IMG_1613-768x576.jpg 768w, https:\/\/waterbull.si\/wp-content\/uploads\/2022\/01\/IMG_1613-1536x1152.jpg 1536w, https:\/\/waterbull.si\/wp-content\/uploads\/2022\/01\/IMG_1613-2048x1536.jpg 2048w\" sizes=\"(max-width: 2560px) 100vw, 2560px\" \/><\/figure>\n\n\n\n<figure class=\"wp-block-image size-full\"><img loading=\"lazy\" width=\"2560\" height=\"1920\" data-id=\"205\"  src=\"https:\/\/waterbull.si\/wp-content\/uploads\/2022\/01\/IMG-0231-scaled.jpg\" alt=\"\" class=\"wp-image-205\" srcset=\"https:\/\/waterbull.si\/wp-content\/uploads\/2022\/01\/IMG-0231-scaled.jpg 2560w, https:\/\/waterbull.si\/wp-content\/uploads\/2022\/01\/IMG-0231-300x225.jpg 300w, https:\/\/waterbull.si\/wp-content\/uploads\/2022\/01\/IMG-0231-1024x768.jpg 1024w, https:\/\/waterbull.si\/wp-content\/uploads\/2022\/01\/IMG-0231-768x576.jpg 768w, https:\/\/waterbull.si\/wp-content\/uploads\/2022\/01\/IMG-0231-1536x1152.jpg 1536w, https:\/\/waterbull.si\/wp-content\/uploads\/2022\/01\/IMG-0231-2048x1536.jpg 2048w\" sizes=\"(max-width: 2560px) 100vw, 2560px\" \/><\/figure>\n\n\n\n<figure class=\"wp-block-image size-full\"><img loading=\"lazy\" width=\"2560\" height=\"1920\" data-id=\"207\"  src=\"https:\/\/waterbull.si\/wp-content\/uploads\/2022\/01\/amari-zascita-scaled.jpg\" alt=\"\" class=\"wp-image-207\" srcset=\"https:\/\/waterbull.si\/wp-content\/uploads\/2022\/01\/amari-zascita-scaled.jpg 2560w, https:\/\/waterbull.si\/wp-content\/uploads\/2022\/01\/amari-zascita-300x225.jpg 300w, https:\/\/waterbull.si\/wp-content\/uploads\/2022\/01\/amari-zascita-1024x768.jpg 1024w, https:\/\/waterbull.si\/wp-content\/uploads\/2022\/01\/amari-zascita-768x576.jpg 768w, https:\/\/waterbull.si\/wp-content\/uploads\/2022\/01\/amari-zascita-1536x1152.jpg 1536w, https:\/\/waterbull.si\/wp-content\/uploads\/2022\/01\/amari-zascita-2048x1536.jpg 2048w\" sizes=\"(max-width: 2560px) 100vw, 2560px\" \/><\/figure>\n\n\n\n<figure class=\"wp-block-image size-full\"><img loading=\"lazy\" width=\"2560\" height=\"1920\" data-id=\"208\"  src=\"https:\/\/waterbull.si\/wp-content\/uploads\/2022\/01\/IMG_1729-scaled.jpg\" alt=\"\" class=\"wp-image-208\" srcset=\"https:\/\/waterbull.si\/wp-content\/uploads\/2022\/01\/IMG_1729-scaled.jpg 2560w, https:\/\/waterbull.si\/wp-content\/uploads\/2022\/01\/IMG_1729-300x225.jpg 300w, https:\/\/waterbull.si\/wp-content\/uploads\/2022\/01\/IMG_1729-1024x768.jpg 1024w, https:\/\/waterbull.si\/wp-content\/uploads\/2022\/01\/IMG_1729-768x576.jpg 768w, https:\/\/waterbull.si\/wp-content\/uploads\/2022\/01\/IMG_1729-1536x1152.jpg 1536w, https:\/\/waterbull.si\/wp-content\/uploads\/2022\/01\/IMG_1729-2048x1536.jpg 2048w\" sizes=\"(max-width: 2560px) 100vw, 2560px\" \/><\/figure>\n\n\n\n<figure class=\"wp-block-image size-full\"><img loading=\"lazy\" width=\"2560\" height=\"1920\" data-id=\"209\"  src=\"https:\/\/waterbull.si\/wp-content\/uploads\/2022\/01\/IMG_1737-scaled.jpg\" alt=\"\" class=\"wp-image-209\" srcset=\"https:\/\/waterbull.si\/wp-content\/uploads\/2022\/01\/IMG_1737-scaled.jpg 2560w, https:\/\/waterbull.si\/wp-content\/uploads\/2022\/01\/IMG_1737-300x225.jpg 300w, https:\/\/waterbull.si\/wp-content\/uploads\/2022\/01\/IMG_1737-1024x768.jpg 1024w, https:\/\/waterbull.si\/wp-content\/uploads\/2022\/01\/IMG_1737-768x576.jpg 768w, https:\/\/waterbull.si\/wp-content\/uploads\/2022\/01\/IMG_1737-1536x1152.jpg 1536w, https:\/\/waterbull.si\/wp-content\/uploads\/2022\/01\/IMG_1737-2048x1536.jpg 2048w\" sizes=\"(max-width: 2560px) 100vw, 2560px\" \/><\/figure>\n<\/figure>\n\n\n<p><em><strong><a href=\"http:\/\/gasilska-oprema.si\/amari\/\" target=\"_blank\" rel=\"noopener\">Ve\u010d informacij<\/a><\/strong><\/em><\/p>\n\n\n<div class=\"wp-container-6a04c97c357d8 wp-block-buttons\"><\/div>\n\n\n\n<p><\/p>\n","protected":false},"excerpt":{"rendered":"<p>WaterBull protipoplavna za\u0161\u010dita nove generacije WaterBull protipoplavna za\u0161\u010dita je fleksibilna, saj jo lahko postavimo tudi okrog objektov ali ovir na<\/p>\n","protected":false},"author":1,"featured_media":0,"parent":0,"menu_order":0,"comment_status":"closed","ping_status":"closed","template":"","meta":[],"_links":{"self":[{"href":"https:\/\/waterbull.si\/index.php\/wp-json\/wp\/v2\/pages\/79"}],"collection":[{"href":"https:\/\/waterbull.si\/index.php\/wp-json\/wp\/v2\/pages"}],"about":[{"href":"https:\/\/waterbull.si\/index.php\/wp-json\/wp\/v2\/types\/page"}],"author":[{"embeddable":true,"href":"https:\/\/waterbull.si\/index.php\/wp-json\/wp\/v2\/users\/1"}],"replies":[{"embeddable":true,"href":"https:\/\/waterbull.si\/index.php\/wp-json\/wp\/v2\/comments?post=79"}],"version-history":[{"count":16,"href":"https:\/\/waterbull.si\/index.php\/wp-json\/wp\/v2\/pages\/79\/revisions"}],"predecessor-version":[{"id":251,"href":"https:\/\/waterbull.si\/index.php\/wp-json\/wp\/v2\/pages\/79\/revisions\/251"}],"wp:attachment":[{"href":"https:\/\/waterbull.si\/index.php\/wp-json\/wp\/v2\/media?parent=79"}],"curies":[{"name":"wp","href":"https:\/\/api.w.org\/{rel}","templated":true}]}}