{"id":254,"date":"2024-08-14T10:30:48","date_gmt":"2024-08-14T10:30:48","guid":{"rendered":"https:\/\/waterbull.si\/?page_id=254"},"modified":"2026-01-28T18:02:24","modified_gmt":"2026-01-28T18:02:24","slug":"vpojna-blazina-waterbull","status":"publish","type":"page","link":"https:\/\/waterbull.si\/index.php\/vpojna-blazina-waterbull\/","title":{"rendered":"Vpojna blazina WaterBull"},"content":{"rendered":"\n<p>Vpojna protipoplavna blazina&nbsp;<strong>WaterBull<\/strong>&nbsp;je hitra, zanesljiva in enostavna re\u0161itev za prepre\u010devanje vdora vode v stanovanjske, poslovne in industrijske objekte. Ob stiku z vodo se blazina aktivira, absorbira teko\u010dino, se raz\u0161iri in ustvari tesno za\u0161\u010ditno pregrado, ki u\u010dinkovito zatesni kriti\u010dne to\u010dke, kot so vhodna vrata, terase, kleti ali gara\u017ee.<\/p>\n\n\n\n<figure class=\"wp-block-gallery has-nested-images columns-2 is-cropped\">\n<figure class=\"wp-block-image size-large\"><img loading=\"lazy\" width=\"1024\" height=\"772\" data-id=\"292\"  src=\"https:\/\/waterbull.si\/wp-content\/uploads\/2026\/01\/image-3-1024x772.jpg\" alt=\"\" class=\"wp-image-292\" srcset=\"https:\/\/waterbull.si\/wp-content\/uploads\/2026\/01\/image-3-1024x772.jpg 1024w, https:\/\/waterbull.si\/wp-content\/uploads\/2026\/01\/image-3-300x226.jpg 300w, https:\/\/waterbull.si\/wp-content\/uploads\/2026\/01\/image-3-768x579.jpg 768w, https:\/\/waterbull.si\/wp-content\/uploads\/2026\/01\/image-3.jpg 1168w\" sizes=\"(max-width: 1024px) 100vw, 1024px\" \/><\/figure>\n\n\n\n<figure class=\"wp-block-image size-large\"><img loading=\"lazy\" width=\"768\" height=\"1024\" data-id=\"255\"  src=\"https:\/\/waterbull.si\/wp-content\/uploads\/2024\/08\/IMG_2206-768x1024.jpg\" alt=\"\" class=\"wp-image-255\" srcset=\"https:\/\/waterbull.si\/wp-content\/uploads\/2024\/08\/IMG_2206-768x1024.jpg 768w, https:\/\/waterbull.si\/wp-content\/uploads\/2024\/08\/IMG_2206-225x300.jpg 225w, https:\/\/waterbull.si\/wp-content\/uploads\/2024\/08\/IMG_2206-1152x1536.jpg 1152w, https:\/\/waterbull.si\/wp-content\/uploads\/2024\/08\/IMG_2206-1536x2048.jpg 1536w, https:\/\/waterbull.si\/wp-content\/uploads\/2024\/08\/IMG_2206-scaled.jpg 1920w\" sizes=\"(max-width: 768px) 100vw, 768px\" \/><\/figure>\n<\/figure>\n\n\n\n<h2 id=\"kljucne-prednosti-waterbull-vpojnih-blazin\"><strong>Klju\u010dne prednosti WaterBull vpojnih blazin<\/strong><\/h2>\n\n\n\n<ul><li><strong>Samodejna aktivacija ob stiku z vodo<\/strong><\/li><li><strong>Visoka vpojnost in izjemna u\u010dinkovitost<\/strong><\/li><li><strong>Hitro nara\u0161\u010danje volumna za popolno tesnjenje<\/strong><\/li><li><strong>Preprosta namestitev brez orodja<\/strong><\/li><li><strong>Primerna za ve\u010dkratno uporabo v kraj\u0161em \u010dasovnem obdobju<\/strong><\/li><li><strong>Idealna za za\u0161\u010dito pred meteorno, povr\u0161insko ali razlivno vodo<\/strong><\/li><\/ul>\n\n\n\n<h2 id=\"kako-deluje-vpojna-blazina-waterbull\"><strong>Kako deluje vpojna blazina WaterBull?<\/strong><\/h2>\n\n\n\n<p>Napredni vpojni material v blazini ob stiku z vodo hitro absorbira teko\u010dino ter se raz\u0161iri. S tem zapolni prostor med vrati in podbojem ali med talnimi re\u017eami in zunanjo povr\u0161ino ter prepre\u010di prehod vode v notranjost objekta.<\/p>\n\n\n\n<p>Blazino preprosto polo\u017eite na izpostavljeno mesto, zaprete vrata, ali jo namestite ob rob tal \u2014 in \u017ee je zagotovljena u\u010dinkovita poplavna za\u0161\u010dita.<\/p>\n\n\n\n<figure class=\"wp-block-image size-full\"><img loading=\"lazy\" width=\"612\" height=\"612\" src=\"https:\/\/waterbull.si\/wp-content\/uploads\/2024\/09\/blazina-za-vrata-novo.jpg\" alt=\"\" class=\"wp-image-284\" srcset=\"https:\/\/waterbull.si\/wp-content\/uploads\/2024\/09\/blazina-za-vrata-novo.jpg 612w, https:\/\/waterbull.si\/wp-content\/uploads\/2024\/09\/blazina-za-vrata-novo-300x300.jpg 300w, https:\/\/waterbull.si\/wp-content\/uploads\/2024\/09\/blazina-za-vrata-novo-150x150.jpg 150w\" sizes=\"(max-width: 612px) 100vw, 612px\" \/><\/figure>\n\n\n\n<h2 id=\"razpolozljive-dimenzije\"><strong>Razpolo\u017eljive dimenzije<\/strong><\/h2>\n\n\n\n<p>WaterBull vpojne blazine so na voljo v dveh standardnih dol\u017einah:<\/p>\n\n\n\n<ul><li><strong>150 cm<\/strong><\/li><li><strong>300 cm<\/strong><\/li><\/ul>\n\n\n\n<p>Obe mo\u017enosti sta primerne za za\u0161\u010dito ve\u010dine standardnih vratnih odprtin in povr\u0161in.<\/p>\n\n\n\n<h2 id=\"idealna-resitev-za\"><strong>Idealna re\u0161itev za:<\/strong><\/h2>\n\n\n\n<ul><li>stanovanjske hi\u0161e in blokovske vhode<\/li><li>poslovne prostore, pisarne, lokale<\/li><li>skladi\u0161\u010da, delavnice, industrijske objekte<\/li><li>kleti, gara\u017ee, terase in atrije<\/li><li>za\u010dasno ali preventivno poplavno za\u0161\u010dito<\/li><\/ul>\n","protected":false},"excerpt":{"rendered":"<p>Vpojna protipoplavna blazina&nbsp;WaterBull&nbsp;je hitra, zanesljiva in enostavna re\u0161itev za prepre\u010devanje vdora vode v stanovanjske, poslovne in industrijske objekte. Ob stiku<\/p>\n","protected":false},"author":1,"featured_media":0,"parent":0,"menu_order":0,"comment_status":"closed","ping_status":"closed","template":"","meta":[],"_links":{"self":[{"href":"https:\/\/waterbull.si\/index.php\/wp-json\/wp\/v2\/pages\/254"}],"collection":[{"href":"https:\/\/waterbull.si\/index.php\/wp-json\/wp\/v2\/pages"}],"about":[{"href":"https:\/\/waterbull.si\/index.php\/wp-json\/wp\/v2\/types\/page"}],"author":[{"embeddable":true,"href":"https:\/\/waterbull.si\/index.php\/wp-json\/wp\/v2\/users\/1"}],"replies":[{"embeddable":true,"href":"https:\/\/waterbull.si\/index.php\/wp-json\/wp\/v2\/comments?post=254"}],"version-history":[{"count":15,"href":"https:\/\/waterbull.si\/index.php\/wp-json\/wp\/v2\/pages\/254\/revisions"}],"predecessor-version":[{"id":299,"href":"https:\/\/waterbull.si\/index.php\/wp-json\/wp\/v2\/pages\/254\/revisions\/299"}],"wp:attachment":[{"href":"https:\/\/waterbull.si\/index.php\/wp-json\/wp\/v2\/media?parent=254"}],"curies":[{"name":"wp","href":"https:\/\/api.w.org\/{rel}","templated":true}]}}