{"id":200,"date":"2022-01-27T16:35:00","date_gmt":"2022-01-27T16:35:00","guid":{"rendered":"https:\/\/waterbull.si\/?page_id=200"},"modified":"2022-01-27T16:35:00","modified_gmt":"2022-01-27T16:35:00","slug":"o-nas","status":"publish","type":"page","link":"https:\/\/waterbull.si\/index.php\/o-nas\/","title":{"rendered":"O nas"},"content":{"rendered":"\n<p>Voda je eden od osnovnih elementov, ki so potrebni za \u017eivljenje. Vodo pijemo, da nismo \u017eejni, lahko se ob vodi razvajamo, se z njo umivamo in obi\u010dajno ob&nbsp;vodi tudi dopustujemo. Ni pa vsa voda zmeraj dobrodo\u0161la, \u0161e posebej, ko govorimo o ujmah, o pretiranih koli\u010dinah padlega de\u017eja, ki imajo za posledico dvig vodne gladine in pa poplave, ki prina\u0161ajo opusto\u0161enje in \u017ealost.<\/p>\n\n\n\n<p>Zaradi potrebe po za\u0161\u010diti pred nara\u0161\u010dajo\u010dimi vodami smo v podjetju&nbsp;<strong>INTER2 IN\u017dENIRING<\/strong>&nbsp;s pomo\u010djo lastne inovativne \u017eilice in \u017eelje po pomo\u010di drugim pri\u0161li&nbsp;do kvalitetnih izdelkov. Slovensko znanje in slovenska kvaliteta v protipoplavnih za\u0161\u010ditah lastne izdelave. Na\u0161e izdelke smo poimenovali WaterBull, po slovensko vodni bik predvsem iz videnja, da je bik mo\u010dna, trmasta \u017eival, ki vztraja in vztraja in ne popu\u0161\u010da, tako kot tudi ne na\u0161a protipoplavna za\u0161\u010dita.<\/p>\n\n\n\n<p>Princip delovanja izdelkov je preprost. S pomo\u010djo zraka ali vode, ki jo imamo med poplavami veliko preve\u010d ustvarimo pregrado s pomo\u010djo visoko kvalitetnega&nbsp;armiranega, UV stabilnega in na kemikalije odpornega PVC materiala, ki prepre\u010duje vodi, da bi iztekala, isto\u010dasno pa vodo zadr\u017eujemo, da bi prehajala naprej, kamor je ne \u017eelimo.<\/p>\n\n\n\n<p>Izdelki WaterBull so na voljo v razli\u010dnih dimenzijah, sama za\u0161\u010dita pa je lahko tudi odvisna od same postavitve izdelkov.<\/p>\n\n\n\n<h4 id=\"inter2-inzeniring-d-o-o-smartno-199-a2383-smartno\"><strong>INTER2 in\u017eeniring d.o.o.<\/strong><br>\u0160martno 199\/a<br>2383 \u0160martno<\/h4>\n\n\n\n<p><strong>Tel:<\/strong>&nbsp;051 870 600<\/p>\n\n\n\n<p><strong>Email:<\/strong>&nbsp;<a href=\"mailto:info@waterbull.si?subject=Povpra%C5%A1evanje%20ali%20informacije%21\">info@waterbull.si<\/a><\/p>\n","protected":false},"excerpt":{"rendered":"<p>Voda je eden od osnovnih elementov, ki so potrebni za \u017eivljenje. Vodo pijemo, da nismo \u017eejni, lahko se ob vodi<\/p>\n","protected":false},"author":1,"featured_media":0,"parent":0,"menu_order":0,"comment_status":"closed","ping_status":"closed","template":"","meta":[],"_links":{"self":[{"href":"https:\/\/waterbull.si\/index.php\/wp-json\/wp\/v2\/pages\/200"}],"collection":[{"href":"https:\/\/waterbull.si\/index.php\/wp-json\/wp\/v2\/pages"}],"about":[{"href":"https:\/\/waterbull.si\/index.php\/wp-json\/wp\/v2\/types\/page"}],"author":[{"embeddable":true,"href":"https:\/\/waterbull.si\/index.php\/wp-json\/wp\/v2\/users\/1"}],"replies":[{"embeddable":true,"href":"https:\/\/waterbull.si\/index.php\/wp-json\/wp\/v2\/comments?post=200"}],"version-history":[{"count":1,"href":"https:\/\/waterbull.si\/index.php\/wp-json\/wp\/v2\/pages\/200\/revisions"}],"predecessor-version":[{"id":201,"href":"https:\/\/waterbull.si\/index.php\/wp-json\/wp\/v2\/pages\/200\/revisions\/201"}],"wp:attachment":[{"href":"https:\/\/waterbull.si\/index.php\/wp-json\/wp\/v2\/media?parent=200"}],"curies":[{"name":"wp","href":"https:\/\/api.w.org\/{rel}","templated":true}]}}