{"id":176,"date":"2022-01-27T16:22:04","date_gmt":"2022-01-27T16:22:04","guid":{"rendered":"https:\/\/waterbull.si\/?page_id=176"},"modified":"2022-01-27T16:22:04","modified_gmt":"2022-01-27T16:22:04","slug":"wbs-a20","status":"publish","type":"page","link":"https:\/\/waterbull.si\/index.php\/wbs-a20\/","title":{"rendered":"WBS-A20"},"content":{"rendered":"\n<p>Sodobna protipoplavna za\u0161\u010dita WaterBull z napihljivo cevjo, hitra in enostavna postavitev.<\/p>\n\n\n\n<p><strong>Serija WBS-A polnjenje z zrakom<\/strong><\/p>\n\n\n\n<p><em><strong>WBS-A20<\/strong><\/em><\/p>\n\n\n\n<p>Princip delovanja izdelkov je preprost, z elektri\u010dno pumpo za zrak ustvarimo pregrado s pomo\u010djo visoko kvalitetnega&nbsp;armiranega, UV stabilnega in na kemikalije odpornega PVC materiala, ki prepre\u010duje vodi, da bi iztekala,&nbsp;isto\u010dasno pa vodo zadr\u017eujemo, da bi prehajala naprej, kamor je ne \u017eelimo.<\/p>\n\n\n\n<p>Izdelki WaterBull serije WBS-A so na voljo v razli\u010dnih dimenzijah.<\/p>\n\n\n\n<figure class=\"wp-block-gallery has-nested-images columns-default is-cropped\">\n<figure class=\"wp-block-image size-full\"><img loading=\"lazy\" width=\"2560\" height=\"1920\" data-id=\"60\"  src=\"https:\/\/waterbull.si\/wp-content\/uploads\/2022\/01\/20170221_104715_HDR-scaled.jpg\" alt=\"\" class=\"wp-image-60\" srcset=\"https:\/\/waterbull.si\/wp-content\/uploads\/2022\/01\/20170221_104715_HDR-scaled.jpg 2560w, https:\/\/waterbull.si\/wp-content\/uploads\/2022\/01\/20170221_104715_HDR-300x225.jpg 300w, https:\/\/waterbull.si\/wp-content\/uploads\/2022\/01\/20170221_104715_HDR-1024x768.jpg 1024w, https:\/\/waterbull.si\/wp-content\/uploads\/2022\/01\/20170221_104715_HDR-768x576.jpg 768w, https:\/\/waterbull.si\/wp-content\/uploads\/2022\/01\/20170221_104715_HDR-1536x1152.jpg 1536w, https:\/\/waterbull.si\/wp-content\/uploads\/2022\/01\/20170221_104715_HDR-2048x1536.jpg 2048w\" sizes=\"(max-width: 2560px) 100vw, 2560px\" \/><\/figure>\n\n\n\n<figure class=\"wp-block-image size-full\"><img loading=\"lazy\" width=\"2560\" height=\"1920\" data-id=\"101\"  src=\"https:\/\/waterbull.si\/wp-content\/uploads\/2022\/01\/IMG_1981-\u2013-kopija-scaled.jpg\" alt=\"\" class=\"wp-image-101\" srcset=\"https:\/\/waterbull.si\/wp-content\/uploads\/2022\/01\/IMG_1981-\u2013-kopija-scaled.jpg 2560w, https:\/\/waterbull.si\/wp-content\/uploads\/2022\/01\/IMG_1981-\u2013-kopija-300x225.jpg 300w, https:\/\/waterbull.si\/wp-content\/uploads\/2022\/01\/IMG_1981-\u2013-kopija-1024x768.jpg 1024w, https:\/\/waterbull.si\/wp-content\/uploads\/2022\/01\/IMG_1981-\u2013-kopija-768x576.jpg 768w, https:\/\/waterbull.si\/wp-content\/uploads\/2022\/01\/IMG_1981-\u2013-kopija-1536x1152.jpg 1536w, https:\/\/waterbull.si\/wp-content\/uploads\/2022\/01\/IMG_1981-\u2013-kopija-2048x1536.jpg 2048w\" sizes=\"(max-width: 2560px) 100vw, 2560px\" \/><\/figure>\n<\/figure>\n\n\n\n<p><strong>Prednosti<\/strong><\/p>\n\n\n\n<ul><li>Nadome\u0161\u010da vre\u010de s peskom, &nbsp;<\/li><li>enostavna postavitev, &nbsp;&nbsp;<\/li><li>ne zavzema veliko prostora ob skladi\u0161\u010denju,&nbsp;<\/li><li>5 let garancije na material in spoje, &nbsp;<\/li><li>certificiran material,&nbsp;<\/li><li>za\u0161\u010dita je nepogre\u0161ljiva oprema za intervencijske enote,<\/li><li>Postavitev &nbsp;in &nbsp;odstranitev &nbsp;cevi &nbsp;ne &nbsp;zahteva&nbsp;pomo\u010di dodatnih ljudi, saj jo zaradi enostavnosti lahko postavi \u017ee ena sama oseba.<\/li><\/ul>\n\n\n\n<p><strong>Dodatne mo\u017enosti uporabe<\/strong><\/p>\n\n\n\n<p>Waterbull lahko uporabimo tudi za zajezitev potoka v primeru odvzema po\u017earne vode. Waterbull serije&nbsp;so vsestransko&nbsp;uporabna vodna pregrada in zagotavlja enostavno posredovanje tudi v primeru razlitja nevarnih snovi.<\/p>\n","protected":false},"excerpt":{"rendered":"<p>Sodobna protipoplavna za\u0161\u010dita WaterBull z napihljivo cevjo, hitra in enostavna postavitev. Serija WBS-A polnjenje z zrakom WBS-A20 Princip delovanja izdelkov<\/p>\n","protected":false},"author":1,"featured_media":0,"parent":0,"menu_order":0,"comment_status":"closed","ping_status":"closed","template":"","meta":[],"_links":{"self":[{"href":"https:\/\/waterbull.si\/index.php\/wp-json\/wp\/v2\/pages\/176"}],"collection":[{"href":"https:\/\/waterbull.si\/index.php\/wp-json\/wp\/v2\/pages"}],"about":[{"href":"https:\/\/waterbull.si\/index.php\/wp-json\/wp\/v2\/types\/page"}],"author":[{"embeddable":true,"href":"https:\/\/waterbull.si\/index.php\/wp-json\/wp\/v2\/users\/1"}],"replies":[{"embeddable":true,"href":"https:\/\/waterbull.si\/index.php\/wp-json\/wp\/v2\/comments?post=176"}],"version-history":[{"count":1,"href":"https:\/\/waterbull.si\/index.php\/wp-json\/wp\/v2\/pages\/176\/revisions"}],"predecessor-version":[{"id":177,"href":"https:\/\/waterbull.si\/index.php\/wp-json\/wp\/v2\/pages\/176\/revisions\/177"}],"wp:attachment":[{"href":"https:\/\/waterbull.si\/index.php\/wp-json\/wp\/v2\/media?parent=176"}],"curies":[{"name":"wp","href":"https:\/\/api.w.org\/{rel}","templated":true}]}}