{"id":173,"date":"2022-01-27T16:19:49","date_gmt":"2022-01-27T16:19:49","guid":{"rendered":"https:\/\/waterbull.si\/?page_id=173"},"modified":"2022-01-27T16:19:49","modified_gmt":"2022-01-27T16:19:49","slug":"wbs-w50","status":"publish","type":"page","link":"https:\/\/waterbull.si\/index.php\/wbs-w50\/","title":{"rendered":"WBS-W50"},"content":{"rendered":"\n<p>Sodobna protipoplavna za\u0161\u010dita WaterBull, hitra in enostavna postavitev.<\/p>\n\n\n\n<p><strong>Serija WBS-W polnjenje z vodo<\/strong><\/p>\n\n\n\n<p><em><strong>WBS-W50<\/strong><\/em><\/p>\n\n\n\n<p>Postopek postavitve je enostaven. Posamezne za\u0161\u010dite razvijemo in s pomo\u010djo vrtne cevi, potopne \u010drpalke ali&nbsp;motorne gasilske \u010drpalke napolnimo s poplavno ali vodo iz vodovoda<\/p>\n\n\n\n<p>Za\u0161\u010dita se polni z vodo in \u0161\u010diti do vi\u0161ine 0,5m<\/p>\n\n\n\n<p>Za vi\u0161jo postavitev, mo\u017enost ve\u010d za\u0161\u010dit skupaj v obliki piramide<\/p>\n\n\n\n<figure class=\"wp-block-gallery has-nested-images columns-default is-cropped\">\n<figure class=\"wp-block-image size-full\"><img loading=\"lazy\" width=\"720\" height=\"478\" data-id=\"99\"  src=\"https:\/\/waterbull.si\/wp-content\/uploads\/2022\/01\/slika10logo-1.jpg\" alt=\"\" class=\"wp-image-99\" srcset=\"https:\/\/waterbull.si\/wp-content\/uploads\/2022\/01\/slika10logo-1.jpg 720w, https:\/\/waterbull.si\/wp-content\/uploads\/2022\/01\/slika10logo-1-300x199.jpg 300w\" sizes=\"(max-width: 720px) 100vw, 720px\" \/><\/figure>\n\n\n\n<figure class=\"wp-block-image size-large\"><img loading=\"lazy\" width=\"960\" height=\"638\" data-id=\"81\"  src=\"https:\/\/waterbull.si\/wp-content\/uploads\/2022\/01\/slika9logo.jpg\" alt=\"\" class=\"wp-image-81\" srcset=\"https:\/\/waterbull.si\/wp-content\/uploads\/2022\/01\/slika9logo.jpg 960w, https:\/\/waterbull.si\/wp-content\/uploads\/2022\/01\/slika9logo-300x199.jpg 300w, https:\/\/waterbull.si\/wp-content\/uploads\/2022\/01\/slika9logo-768x510.jpg 768w\" sizes=\"(max-width: 960px) 100vw, 960px\" \/><\/figure>\n<\/figure>\n\n\n\n<p><strong>Prednosti<\/strong><\/p>\n\n\n\n<ul><li>Nadome\u0161\u010da vre\u010de s peskom, &nbsp;<\/li><li>enostavna postavitev, &nbsp;&nbsp;<\/li><li>ne zavzema veliko prostora ob skladi\u0161\u010denju,&nbsp;<\/li><li>5 let garancije na material in spoje, &nbsp;<\/li><li>certificiran material,&nbsp;<\/li><li>za\u0161\u010dita je nepogre\u0161ljiva oprema za intervencijske enote,<\/li><li>Postavitev &nbsp;in &nbsp;odstranitev &nbsp;cevi &nbsp;ne &nbsp;zahteva&nbsp;pomo\u010di dodatnih ljudi, saj jo zaradi enostavnosti lahko postavi \u017ee ena sama oseba.<\/li><\/ul>\n\n\n\n<p><strong>Dodatne mo\u017enosti uporabe<\/strong><\/p>\n\n\n\n<p>Waterbull lahko uporabimo tudi za zajezitev potoka v primeru odvzema po\u017earne vode. Waterbull serije&nbsp;so vsestransko&nbsp;uporabna vodna pregrada in zagotavlja enostavno posredovanje tudi v primeru razlitja nevarnih snovi.<\/p>\n","protected":false},"excerpt":{"rendered":"<p>Sodobna protipoplavna za\u0161\u010dita WaterBull, hitra in enostavna postavitev. Serija WBS-W polnjenje z vodo WBS-W50 Postopek postavitve je enostaven. Posamezne za\u0161\u010dite<\/p>\n","protected":false},"author":1,"featured_media":0,"parent":0,"menu_order":0,"comment_status":"closed","ping_status":"closed","template":"","meta":[],"_links":{"self":[{"href":"https:\/\/waterbull.si\/index.php\/wp-json\/wp\/v2\/pages\/173"}],"collection":[{"href":"https:\/\/waterbull.si\/index.php\/wp-json\/wp\/v2\/pages"}],"about":[{"href":"https:\/\/waterbull.si\/index.php\/wp-json\/wp\/v2\/types\/page"}],"author":[{"embeddable":true,"href":"https:\/\/waterbull.si\/index.php\/wp-json\/wp\/v2\/users\/1"}],"replies":[{"embeddable":true,"href":"https:\/\/waterbull.si\/index.php\/wp-json\/wp\/v2\/comments?post=173"}],"version-history":[{"count":1,"href":"https:\/\/waterbull.si\/index.php\/wp-json\/wp\/v2\/pages\/173\/revisions"}],"predecessor-version":[{"id":174,"href":"https:\/\/waterbull.si\/index.php\/wp-json\/wp\/v2\/pages\/173\/revisions\/174"}],"wp:attachment":[{"href":"https:\/\/waterbull.si\/index.php\/wp-json\/wp\/v2\/media?parent=173"}],"curies":[{"name":"wp","href":"https:\/\/api.w.org\/{rel}","templated":true}]}}