{"id":166,"date":"2022-01-27T16:09:54","date_gmt":"2022-01-27T16:09:54","guid":{"rendered":"https:\/\/waterbull.si\/?page_id=166"},"modified":"2022-01-27T16:17:59","modified_gmt":"2022-01-27T16:17:59","slug":"wbs-w20","status":"publish","type":"page","link":"https:\/\/waterbull.si\/index.php\/wbs-w20\/","title":{"rendered":"WBS-W20"},"content":{"rendered":"\n<p>Sodobna protipoplavna za\u0161\u010dita WaterBull, hitra in enostavna postavitev.<\/p>\n\n\n\n<p><strong>Serija WBS-W polnjenje z vodo<\/strong><\/p>\n\n\n\n<p><em><strong>WBS-W20<\/strong><\/em><\/p>\n\n\n\n<p>Postopek postavitve je enostaven. Posamezne za\u0161\u010dite razvijemo in s pomo\u010djo vrtne cevi, potopne \u010drpalke ali&nbsp;motorne gasilske \u010drpalke napolnimo s poplavno ali vodo iz vodovoda<\/p>\n\n\n\n<p>Za\u0161\u010dita se polni z vodo in \u0161\u010diti do vi\u0161ine 0,2 m<\/p>\n\n\n\n<div class=\"wp-block-columns\">\n<div class=\"wp-block-column\" style=\"flex-basis:100%\">\n<figure class=\"wp-block-gallery has-nested-images columns-default is-cropped\">\n<figure class=\"wp-block-image size-full\"><img loading=\"lazy\" width=\"2560\" height=\"1920\" src=\"https:\/\/waterbull.si\/wp-content\/uploads\/2022\/01\/IMG_1857logo-scaled.jpg\" alt=\"\" class=\"wp-image-106\" srcset=\"https:\/\/waterbull.si\/wp-content\/uploads\/2022\/01\/IMG_1857logo-scaled.jpg 2560w, https:\/\/waterbull.si\/wp-content\/uploads\/2022\/01\/IMG_1857logo-300x225.jpg 300w, https:\/\/waterbull.si\/wp-content\/uploads\/2022\/01\/IMG_1857logo-1024x768.jpg 1024w, https:\/\/waterbull.si\/wp-content\/uploads\/2022\/01\/IMG_1857logo-768x576.jpg 768w, https:\/\/waterbull.si\/wp-content\/uploads\/2022\/01\/IMG_1857logo-1536x1152.jpg 1536w, https:\/\/waterbull.si\/wp-content\/uploads\/2022\/01\/IMG_1857logo-2048x1536.jpg 2048w\" sizes=\"(max-width: 2560px) 100vw, 2560px\" \/><\/figure>\n\n\n\n<figure class=\"wp-block-image size-full\"><img loading=\"lazy\" width=\"505\" height=\"426\" src=\"https:\/\/waterbull.si\/wp-content\/uploads\/2022\/01\/IMG_1855logon.jpg\" alt=\"\" class=\"wp-image-105\" srcset=\"https:\/\/waterbull.si\/wp-content\/uploads\/2022\/01\/IMG_1855logon.jpg 505w, https:\/\/waterbull.si\/wp-content\/uploads\/2022\/01\/IMG_1855logon-300x253.jpg 300w\" sizes=\"(max-width: 505px) 100vw, 505px\" \/><\/figure>\n<\/figure>\n<\/div>\n<\/div>\n\n\n\n<div class=\"wp-block-columns\">\n<div class=\"wp-block-column\" style=\"flex-basis:100%\"><\/div>\n<\/div>\n\n\n\n<p><strong>Prednosti<\/strong><\/p>\n\n\n\n<ul><li>Nadome\u0161\u010da vre\u010de s peskom, &nbsp;<\/li><li>enostavna postavitev, &nbsp;&nbsp;<\/li><li>ne zavzema veliko prostora ob skladi\u0161\u010denju,&nbsp;<\/li><li>5 let garancije na material in spoje, &nbsp;<\/li><li>certificiran material,&nbsp;<\/li><li>za\u0161\u010dita je nepogre\u0161ljiva oprema za intervencijske enote,<\/li><li>Postavitev &nbsp;in &nbsp;odstranitev &nbsp;cevi &nbsp;ne &nbsp;zahteva&nbsp;pomo\u010di dodatnih ljudi, saj jo zaradi enostavnosti lahko postavi \u017ee ena sama oseba.<\/li><\/ul>\n\n\n\n<p><strong>Dodatne mo\u017enosti uporabe<\/strong><\/p>\n\n\n\n<p>Waterbull lahko uporabimo tudi za zajezitev potoka v primeru odvzema po\u017earne vode. Waterbull serije&nbsp;so vsestransko&nbsp;uporabna vodna pregrada in zagotavlja enostavno posredovanje tudi v primeru razlitja nevarnih snovi.<\/p>\n","protected":false},"excerpt":{"rendered":"<p>Sodobna protipoplavna za\u0161\u010dita WaterBull, hitra in enostavna postavitev. Serija WBS-W polnjenje z vodo WBS-W20 Postopek postavitve je enostaven. Posamezne za\u0161\u010dite<\/p>\n","protected":false},"author":1,"featured_media":0,"parent":0,"menu_order":0,"comment_status":"closed","ping_status":"closed","template":"","meta":[],"_links":{"self":[{"href":"https:\/\/waterbull.si\/index.php\/wp-json\/wp\/v2\/pages\/166"}],"collection":[{"href":"https:\/\/waterbull.si\/index.php\/wp-json\/wp\/v2\/pages"}],"about":[{"href":"https:\/\/waterbull.si\/index.php\/wp-json\/wp\/v2\/types\/page"}],"author":[{"embeddable":true,"href":"https:\/\/waterbull.si\/index.php\/wp-json\/wp\/v2\/users\/1"}],"replies":[{"embeddable":true,"href":"https:\/\/waterbull.si\/index.php\/wp-json\/wp\/v2\/comments?post=166"}],"version-history":[{"count":3,"href":"https:\/\/waterbull.si\/index.php\/wp-json\/wp\/v2\/pages\/166\/revisions"}],"predecessor-version":[{"id":172,"href":"https:\/\/waterbull.si\/index.php\/wp-json\/wp\/v2\/pages\/166\/revisions\/172"}],"wp:attachment":[{"href":"https:\/\/waterbull.si\/index.php\/wp-json\/wp\/v2\/media?parent=166"}],"curies":[{"name":"wp","href":"https:\/\/api.w.org\/{rel}","templated":true}]}}